{"id":18,"date":"2024-05-26T09:12:43","date_gmt":"2024-05-26T09:12:43","guid":{"rendered":"https:\/\/rexdesign.si\/?page_id=18"},"modified":"2024-05-27T13:05:59","modified_gmt":"2024-05-27T13:05:59","slug":"podrocje-poslovanja","status":"publish","type":"page","link":"https:\/\/rexdesign.si\/index.php\/podrocje-poslovanja\/","title":{"rendered":"Podro\u010dje poslovanja"},"content":{"rendered":"\n<div class=\"wp-block-cover alignfull\" style=\"min-height:350px;aspect-ratio:unset;\"><span aria-hidden=\"true\" class=\"wp-block-cover__background has-background-dim-70 has-background-dim\" style=\"background-color:#00341e\"><\/span><img decoding=\"async\" class=\"wp-block-cover__image-background wp-image-3009\" alt=\"\" src=\"https:\/\/tyler.com\/wp-content\/uploads\/2023\/11\/Nest-Industry-Hero-Cover-Image.jpeg\" style=\"object-position:50% 51%\" data-object-fit=\"cover\" data-object-position=\"50% 51%\"\/><div class=\"wp-block-cover__inner-container has-global-padding is-layout-constrained wp-container-core-cover-is-layout-4383d167 wp-block-cover-is-layout-constrained\">\n<div style=\"height:100px\" aria-hidden=\"true\" class=\"wp-block-spacer\"><\/div>\n\n\n\n<p class=\"has-text-align-center has-text-color has-link-color has-mulish-font-family wp-elements-25477899e78f10c55b4a23c0e97abb1b\" style=\"color:#ffffff;font-size:clamp(38.682px, 2.418rem + ((1vw - 3.2px) * 3.786), 72px);font-style:normal;font-weight:400;text-transform:uppercase\">moderna eleganca<\/p>\n<\/div><\/div>\n\n\n\n<div class=\"wp-block-group alignwide has-global-padding is-layout-constrained wp-container-core-group-is-layout-3dead192 wp-block-group-is-layout-constrained\" style=\"margin-top:0;margin-bottom:0;padding-top:80px;padding-bottom:80px\">\n<div class=\"wp-block-columns alignwide is-layout-flex wp-container-core-columns-is-layout-9cf8123d wp-block-columns-is-layout-flex\">\n<div class=\"wp-block-column is-layout-flow wp-block-column-is-layout-flow\">\n<figure class=\"wp-block-image size-full\"><img decoding=\"async\" src=\"https:\/\/tyler.com\/wp-content\/uploads\/2023\/11\/Nest-Industry-2nd-Sec-Image.jpeg\" alt=\"\" class=\"wp-image-3012\"\/><\/figure>\n<\/div>\n\n\n\n<div class=\"wp-block-column is-vertically-aligned-center is-layout-flow wp-block-column-is-layout-flow\" style=\"padding-left:15px\">\n<h2 class=\"wp-block-heading has-text-color has-link-color has-cormorant-font-family wp-elements-df28a49051f87c821436a864ad01fd0c\" style=\"color:#00341e;font-size:clamp(14px, 0.875rem + ((1vw - 3.2px) * 0.227), 16px);font-style:normal;font-weight:500;line-height:0.7;text-transform:uppercase\">Elevating Spaces<\/h2>\n\n\n\n<h2 class=\"wp-block-heading has-text-color has-link-color has-cormorant-font-family wp-elements-2c867c13936d728bbe99647fc64489da\" style=\"color:#00341e;font-size:clamp(18.959px, 1.185rem + ((1vw - 3.2px) * 1.255), 30px);font-style:normal;font-weight:500;line-height:1.2\">Transforming Spaces with Style<\/h2>\n\n\n\n<p class=\"has-text-color has-link-color has-work-sans-font-family wp-elements-f358f3ab53c7f649ea7a77d62ca2f65e\" style=\"color:#3d3d3d;font-size:clamp(14px, 0.875rem + ((1vw - 3.2px) * 0.455), 18px);font-style:normal;font-weight:300\">Pri rexdesignu smo specializirani za ustvarjanje modernega, elegantnega pohi\u0161tva in interierjev, ki dvignejo estetsko privla\u010dnost vsakega prostora. Od elegantnih, sodobnih stolov in miz do elegantnih dizajnov kuhinj in tihih, mirnih sob, na\u0161e strokovno znanje in izku\u0161nje na podro\u010dju oblikovanja pohi\u0161tva, sodobnih miz, modernega pohi\u0161tva, modernih kuhinj, kuhinjskih sprednjih stranic, pohi\u0161tvenih ro\u010dajev in tihih prostorov nam omogo\u010da, da navadne prostore spremenimo v izjemne . S poudarkom na brezhibni izdelavi, inovativnem dizajnu in pozornosti do podrobnosti v vsak projekt vnesemo pridih prefinjenosti in funkcionalnosti. Dovolite nam, da o\u017eivimo va\u0161o vizijo in ustvarimo prostor, ki neopazno zdru\u017euje stil, udobje in prakti\u010dnost.<\/p>\n\n\n\n<div class=\"wp-block-buttons is-layout-flex wp-block-buttons-is-layout-flex\">\n<div class=\"wp-block-button has-custom-font-size has-mulish-font-family\" style=\"font-size:clamp(14px, 0.875rem + ((1vw - 3.2px) * 0.227), 16px);\"><a class=\"wp-block-button__link has-text-color has-background has-link-color wp-element-button\" href=\"#\" style=\"border-radius:0px;color:#ffffff;background-color:#00341e;padding-top:10px;padding-right:30px;padding-bottom:10px;padding-left:30px\">Discover Modern Design! Us Now<\/a><\/div>\n<\/div>\n<\/div>\n<\/div>\n<\/div>\n\n\n\n<div class=\"wp-block-group alignfull has-background has-global-padding is-layout-constrained wp-container-core-group-is-layout-0117c4cf wp-block-group-is-layout-constrained\" style=\"background-color:#00331e12;padding-top:80px;padding-bottom:80px\">\n<h5 class=\"wp-block-heading has-text-align-center has-text-color has-link-color has-cormorant-font-family wp-elements-b7aedfe8aea2df1859c433ac8b837d89\" style=\"color:#00341e;font-size:clamp(14px, 0.875rem + ((1vw - 3.2px) * 0.227), 16px);font-style:normal;font-weight:500;line-height:0.7;text-transform:uppercase\">Innovative<\/h5>\n\n\n\n<h2 class=\"wp-block-heading has-text-align-center has-text-color\" style=\"color:#00341e;margin-top:0.5rem;margin-bottom:4.51rem;font-size:clamp(1.748rem, 1.748rem + ((1vw - 0.2rem) * 2.295), 3.01rem);font-style:normal;font-weight:600;line-height:1.3\">Explore Our Exceptional Furniture and Design Services<\/h2>\n\n\n\n<div class=\"wp-block-columns alignwide has-base-background-color has-background is-layout-flex wp-container-core-columns-is-layout-28f84493 wp-block-columns-is-layout-flex\" style=\"border-radius:0px\">\n<div class=\"wp-block-column is-vertically-aligned-center is-layout-flow wp-block-column-is-layout-flow\" style=\"padding-top:0;padding-right:0px;padding-bottom:0;padding-left:30px\">\n<figure class=\"wp-block-image size-full\"><img decoding=\"async\" src=\"https:\/\/gb6.gowebexperts.com\/wp-content\/uploads\/2023\/11\/asset-management.png\" alt=\"\" class=\"wp-image-68\"\/><\/figure>\n\n\n\n<h2 class=\"wp-block-heading has-text-color has-link-color has-cormorant-font-family wp-elements-4b495446260c7603bfd57065f154def5\" style=\"color:#00341e;font-size:clamp(18.959px, 1.185rem + ((1vw - 3.2px) * 1.255), 30px);font-style:normal;font-weight:500;line-height:1.2\">Chic Tables<\/h2>\n\n\n\n<p class=\"has-text-color has-link-color has-work-sans-font-family wp-elements-a4d6e7446340f23fcc34d2ca7c206b08\" style=\"color:#3d3d3d;font-size:clamp(14px, 0.875rem + ((1vw - 3.2px) * 0.455), 18px);font-style:normal;font-weight:300\">Indulge in the art of modern dining with our chic tables. Our collection features sleek, contemporary designs crafted with the finest materials to elevate your dining space. Whether you\u02bcre hosting a dinner party or enjoying a casual meal, our tables seamlessly blend style and functionality to create a captivating dining experience. Elevate your space with our exquisite range of modern dining tables.<\/p>\n\n\n\n<div class=\"wp-block-buttons is-layout-flex wp-block-buttons-is-layout-flex\">\n<div class=\"wp-block-button has-custom-font-size has-mulish-font-family\" style=\"font-size:clamp(14px, 0.875rem + ((1vw - 3.2px) * 0.227), 16px);\"><a class=\"wp-block-button__link has-text-color has-background has-link-color wp-element-button\" href=\"#\" style=\"border-radius:0px;color:#ffffff;background-color:#00341e;padding-top:10px;padding-right:30px;padding-bottom:10px;padding-left:30px\">Elevate Your Space<\/a><\/div>\n<\/div>\n<\/div>\n\n\n\n<div class=\"wp-block-column is-layout-flow wp-block-column-is-layout-flow\">\n<figure class=\"wp-block-image alignright size-full has-custom-border\"><img decoding=\"async\" src=\"https:\/\/tyler.com\/wp-content\/uploads\/2023\/11\/Nest-Industry-3rd-Sec-Image1.jpeg\" alt=\"\" class=\"wp-image-3014\" style=\"border-top-left-radius:0px;border-top-right-radius:0px;border-bottom-left-radius:0px;border-bottom-right-radius:0px;aspect-ratio:1;object-fit:cover\"\/><\/figure>\n<\/div>\n<\/div>\n\n\n\n<div class=\"wp-block-columns alignwide has-base-background-color has-background is-layout-flex wp-container-core-columns-is-layout-bc0d86c9 wp-block-columns-is-layout-flex\" style=\"border-radius:0px;margin-top:50px;margin-bottom:50px\">\n<div class=\"wp-block-column is-layout-flow wp-block-column-is-layout-flow\">\n<figure class=\"wp-block-image alignleft size-full has-custom-border\"><img decoding=\"async\" src=\"https:\/\/tyler.com\/wp-content\/uploads\/2023\/11\/Nest-Industry-3rd-Sec-Image2.jpeg\" alt=\"\" class=\"wp-image-3016\" style=\"border-radius:0px;aspect-ratio:1;object-fit:cover\"\/><\/figure>\n<\/div>\n\n\n\n<div class=\"wp-block-column is-vertically-aligned-center is-layout-flow wp-block-column-is-layout-flow\" style=\"padding-top:0;padding-right:30px;padding-bottom:0\">\n<figure class=\"wp-block-image size-full\"><img decoding=\"async\" src=\"https:\/\/gb6.gowebexperts.com\/wp-content\/uploads\/2023\/11\/contract.png\" alt=\"\" class=\"wp-image-67\"\/><\/figure>\n\n\n\n<h2 class=\"wp-block-heading has-text-color has-link-color has-cormorant-font-family wp-elements-8d9c207f18d9c8840bb99d36cd48bef5\" style=\"color:#00341e;font-size:clamp(18.959px, 1.185rem + ((1vw - 3.2px) * 1.255), 30px);font-style:normal;font-weight:500;line-height:1.2\">Sleek Kitchens<\/h2>\n\n\n\n<p class=\"has-text-color has-link-color has-work-sans-font-family wp-elements-4334eb3198e3ea637d95be6515a99b5f\" style=\"color:#3d3d3d;font-size:clamp(14px, 0.875rem + ((1vw - 3.2px) * 0.455), 18px);font-style:normal;font-weight:300\">Lorem Ipsum is simply dummy text of the printing and typesetting industry. Lorem Ipsum has been the industry standard dummy text ever since the 1500s, when an unknown printer took a galley of type and scrambled it to make a type specimen book. It has survived not only five centuries, but also the leap into electronic typesetting, remaining essentially unchanged.<\/p>\n\n\n\n<div class=\"wp-block-buttons is-layout-flex wp-block-buttons-is-layout-flex\">\n<div class=\"wp-block-button has-custom-font-size has-mulish-font-family\" style=\"font-size:clamp(14px, 0.875rem + ((1vw - 3.2px) * 0.227), 16px);\"><a class=\"wp-block-button__link has-text-color has-background has-link-color wp-element-button\" href=\"#\" style=\"border-radius:0px;color:#ffffff;background-color:#00341e;padding-top:10px;padding-right:30px;padding-bottom:10px;padding-left:30px\">Discover More<\/a><\/div>\n<\/div>\n<\/div>\n<\/div>\n\n\n\n<div class=\"wp-block-columns alignwide has-base-background-color has-background is-layout-flex wp-container-core-columns-is-layout-28f84493 wp-block-columns-is-layout-flex\">\n<div class=\"wp-block-column is-vertically-aligned-center is-layout-flow wp-block-column-is-layout-flow\" style=\"padding-top:0;padding-right:0px;padding-bottom:0;padding-left:30px\">\n<figure class=\"wp-block-image size-full\"><img decoding=\"async\" src=\"https:\/\/gb6.gowebexperts.com\/wp-content\/uploads\/2023\/11\/audit.png\" alt=\"\" class=\"wp-image-66\"\/><\/figure>\n\n\n\n<h2 class=\"wp-block-heading has-text-color has-link-color has-cormorant-font-family wp-elements-19fa70a2befa3423665996fc4aed532d\" style=\"color:#00341e;font-size:clamp(18.959px, 1.185rem + ((1vw - 3.2px) * 1.255), 30px);font-style:normal;font-weight:500;line-height:1.2\">Audit and Compliance<\/h2>\n\n\n\n<p class=\"has-text-color has-link-color has-work-sans-font-family wp-elements-4334eb3198e3ea637d95be6515a99b5f\" style=\"color:#3d3d3d;font-size:clamp(14px, 0.875rem + ((1vw - 3.2px) * 0.455), 18px);font-style:normal;font-weight:300\">Lorem Ipsum is simply dummy text of the printing and typesetting industry. Lorem Ipsum has been the industry standard dummy text ever since the 1500s, when an unknown printer took a galley of type and scrambled it to make a type specimen book. It has survived not only five centuries, but also the leap into electronic typesetting, remaining essentially unchanged.<\/p>\n\n\n\n<div class=\"wp-block-buttons is-layout-flex wp-block-buttons-is-layout-flex\">\n<div class=\"wp-block-button has-custom-font-size has-mulish-font-family\" style=\"font-size:clamp(14px, 0.875rem + ((1vw - 3.2px) * 0.227), 16px);\"><a class=\"wp-block-button__link has-text-color has-background has-link-color wp-element-button\" href=\"#\" style=\"border-radius:0px;color:#ffffff;background-color:#00341e;padding-top:10px;padding-right:30px;padding-bottom:10px;padding-left:30px\">Contact Us Now<\/a><\/div>\n<\/div>\n<\/div>\n\n\n\n<div class=\"wp-block-column is-layout-flow wp-block-column-is-layout-flow\">\n<figure class=\"wp-block-image alignright size-full has-custom-border\"><img decoding=\"async\" src=\"https:\/\/tyler.com\/wp-content\/uploads\/2023\/11\/Nest-Industry-3rd-Sec-Image3.jpeg\" alt=\"\" class=\"wp-image-3018\" style=\"border-top-left-radius:0px;border-bottom-left-radius:0px;aspect-ratio:1;object-fit:cover\"\/><\/figure>\n<\/div>\n<\/div>\n<\/div>\n\n\n\n<div class=\"wp-block-cover alignfull\" style=\"margin-top:0px;margin-bottom:0px;min-height:380px;aspect-ratio:unset;\"><span aria-hidden=\"true\" class=\"wp-block-cover__background has-background-dim-0 has-background-dim\"><\/span><img decoding=\"async\" class=\"wp-block-cover__image-background wp-image-3015\" alt=\"\" src=\"https:\/\/tyler.com\/wp-content\/uploads\/2023\/11\/Nest-Home-5th-Cover-Image.jpeg\" style=\"object-position:49% 50%\" data-object-fit=\"cover\" data-object-position=\"49% 50%\"\/><div class=\"wp-block-cover__inner-container has-global-padding is-layout-constrained wp-container-core-cover-is-layout-c20766dc wp-block-cover-is-layout-constrained\">\n<div class=\"wp-block-group is-vertical is-content-justification-center is-layout-flex wp-container-core-group-is-layout-fa38c63a wp-block-group-is-layout-flex\">\n<div class=\"wp-block-group has-global-padding is-layout-constrained wp-container-core-group-is-layout-cafd3ed5 wp-block-group-is-layout-constrained\" style=\"padding-top:3.51rem\">\n<h2 class=\"wp-block-heading has-text-align-center has-text-color has-mulish-font-family\" style=\"color:#ffffff;margin-top:0.5rem;margin-bottom:4.51rem;font-size:clamp(1.556rem, 1.556rem + ((1vw - 0.2rem) * 1.916), 2.61rem);font-style:normal;font-weight:600;line-height:1.3\">Crafting a legacy of positive impact is at the heart of our ethos, shaping every decision and strategy.<\/h2>\n<\/div>\n<\/div>\n<\/div><\/div>\n\n\n\n<section class=\"wp-block-group alignfull has-text-color has-global-padding is-layout-constrained wp-container-core-group-is-layout-d5226876 wp-block-group-is-layout-constrained\" style=\"color:#3e3e3e;margin-top:0px;padding-top:5.01rem;padding-right:1rem;padding-bottom:3.01rem;padding-left:1rem;font-size:clamp(0.875rem, 0.875rem + ((1vw - 0.2rem) * 0.464), 1.13rem);font-style:normal;font-weight:400;line-height:1.4\">\n<div class=\"wp-block-columns is-layout-flex wp-container-core-columns-is-layout-b59c7d62 wp-block-columns-is-layout-flex\" style=\"margin-bottom:3.01rem\">\n<div class=\"wp-block-column is-layout-flow wp-block-column-is-layout-flow\" style=\"flex-basis:80%\">\n<div class=\"wp-block-group has-global-padding is-content-justification-left is-layout-constrained wp-container-core-group-is-layout-cda3b075 wp-block-group-is-layout-constrained\">\n<h2 class=\"wp-block-heading has-text-align-left has-text-color has-mulish-font-family\" style=\"color:#00341e;margin-top:0.51rem;margin-bottom:0.51rem;margin-left:0px;font-size:clamp(1.748rem, 1.748rem + ((1vw - 0.2rem) * 2.295), 3.01rem);font-style:normal;font-weight:500;line-height:1.3\">Questions?<\/h2>\n<\/div>\n<\/div>\n\n\n\n<div class=\"wp-block-column is-layout-flow wp-block-column-is-layout-flow\" style=\"flex-basis:85%\">\n<div class=\"wp-block-group has-global-padding is-content-justification-center is-layout-constrained wp-block-group-is-layout-constrained\" style=\"padding-top:1.01rem\">\n<p class=\"has-text-align-left has-text-color has-work-sans-font-family\" style=\"color:#002d19;margin-top:0px;margin-bottom:0rem;font-size:clamp(0.875rem, 0.875rem + ((1vw - 0.2rem) * 0.427), 1.11rem);font-style:normal;font-weight:600;line-height:1.5\">Vpra\u0161ajte nas karkoli, poizkusili bomom najti odgovor.<\/p>\n\n\n\n<div class=\"wp-block-group has-global-padding is-content-justification-left is-layout-constrained wp-container-core-group-is-layout-855bda80 wp-block-group-is-layout-constrained\" style=\"margin-top:1.5rem;padding-top:0px;padding-bottom:0px\">\n<div class=\"wp-block-buttons is-content-justification-left is-layout-flex wp-container-core-buttons-is-layout-7efc3dca wp-block-buttons-is-layout-flex\" style=\"margin-top:0rem;margin-bottom:0rem\">\n<div class=\"wp-block-button has-custom-font-size is-style-fill has-work-sans-font-family\" style=\"font-size:clamp(0.875rem, 0.875rem + ((1vw - 0.2rem) * 0.045), 0.9rem);font-style:normal;font-weight:400;line-height:1.5\"><a class=\"wp-block-button__link has-text-color has-background has-border-color wp-element-button\" href=\"#\" style=\"border-color:#062e1d;border-style:solid;border-width:1px;border-radius:0px;color:#002717;background-color:#ffffff00;padding-top:0.8rem;padding-right:1.8rem;padding-bottom:0.8rem;padding-left:1.8rem\">Schedule a free consultation<\/a><\/div>\n<\/div>\n<\/div>\n<\/div>\n<\/div>\n<\/div>\n<\/section>\n\n\n\n<ul class=\"wp-block-list\">\n<li>OBLIKOVANJE NOVIH DESIGNOV ZA RAZLI\u010cNE IZDELKE<\/li>\n\n\n\n<li>RAZVOJ NOVIH IZDELKOV ZA DRUGE NARO\u010cNIKE<\/li>\n\n\n\n<li>REALIZACIJA PROTOTIPOV ZA DIZAJNERJE IN ARHITEKTE<\/li>\n\n\n\n<li>REALIZACIJA ARHITEKTURNIH PROJEKTOV<\/li>\n\n\n\n<li>IZDELAVA TIHIH SOB &#8211; www.rex-silentpod.com<\/li>\n\n\n\n<li>SPLETNA TRGOVINA S POHI\u0160TVENIMI RO\u010cAJI &#8211;  www.rocaji.si<\/li>\n\n\n\n<li>SPLETNA TRGOVINA ZA OBNOVO POHI\u0160TVA- www.kuhinjskefronte.si<\/li>\n\n\n\n<li>PROIZVODNJA POHI\u0160TVENIH KOSOV PRIZNANIH SLOVENSKIH IN TUJIH DESIGNERJEV<\/li>\n\n\n\n<li>PROIZVODNJA KUHINJSKEGA POHI\u0160TVA LASTNIH BLAGOVNIH ZNAMK TOPLINE IN KRONA<\/li>\n\n\n\n<li>OPREMA OBJEKTOV<\/li>\n<\/ul>\n","protected":false},"excerpt":{"rendered":"<p>Elevating Spaces Transforming Spaces with Style Pri rexdesignu smo specializirani za ustvarjanje modernega, elegantnega pohi\u0161tva in interierjev, ki dvignejo estetsko privla\u010dnost vsakega prostora. Od elegantnih, sodobnih stolov in miz do elegantnih dizajnov kuhinj in tihih, mirnih sob, na\u0161e strokovno znanje in izku\u0161nje na podro\u010dju oblikovanja pohi\u0161tva, sodobnih miz, modernega pohi\u0161tva, modernih kuhinj, kuhinjskih sprednjih stranic, [&hellip;]<\/p>\n","protected":false},"author":1,"featured_media":0,"parent":0,"menu_order":0,"comment_status":"closed","ping_status":"closed","template":"","meta":{"footnotes":""},"class_list":["post-18","page","type-page","status-publish","hentry"],"_links":{"self":[{"href":"https:\/\/rexdesign.si\/index.php\/wp-json\/wp\/v2\/pages\/18","targetHints":{"allow":["GET"]}}],"collection":[{"href":"https:\/\/rexdesign.si\/index.php\/wp-json\/wp\/v2\/pages"}],"about":[{"href":"https:\/\/rexdesign.si\/index.php\/wp-json\/wp\/v2\/types\/page"}],"author":[{"embeddable":true,"href":"https:\/\/rexdesign.si\/index.php\/wp-json\/wp\/v2\/users\/1"}],"replies":[{"embeddable":true,"href":"https:\/\/rexdesign.si\/index.php\/wp-json\/wp\/v2\/comments?post=18"}],"version-history":[{"count":7,"href":"https:\/\/rexdesign.si\/index.php\/wp-json\/wp\/v2\/pages\/18\/revisions"}],"predecessor-version":[{"id":54,"href":"https:\/\/rexdesign.si\/index.php\/wp-json\/wp\/v2\/pages\/18\/revisions\/54"}],"wp:attachment":[{"href":"https:\/\/rexdesign.si\/index.php\/wp-json\/wp\/v2\/media?parent=18"}],"curies":[{"name":"wp","href":"https:\/\/api.w.org\/{rel}","templated":true}]}}